{"id":1961,"date":"2023-05-04T22:11:49","date_gmt":"2023-05-04T21:11:49","guid":{"rendered":"https:\/\/asram.ma\/?page_id=1961"},"modified":"2023-06-13T14:10:59","modified_gmt":"2023-06-13T13:10:59","slug":"rugby-a-7-2","status":"publish","type":"page","link":"https:\/\/asram.ma\/en\/equipes-feminines\/rugby-a-7-2\/","title":{"rendered":"Rugby seven's"},"content":{"rendered":"<section class=\"wpb-content-wrapper\"><div class=\"vc_row wpb_row vc_row-fluid\"><div class=\"wpb_column vc_column_container vc_col-sm-12\"><div class=\"vc_column-inner\"><div class=\"wpb_wrapper\"><div class=\"vc_empty_space\"   style=\"height: 32px\"><span class=\"vc_empty_space_inner\"><\/span><\/div><h2 style=\"color: #dd0000;text-align: center\" class=\"vc_custom_heading\" >Our team<\/h2><\/div><\/div><\/div><\/div><div class=\"vc_row wpb_row vc_row-fluid\"><div class=\"wpb_column vc_column_container vc_col-sm-12\"><div class=\"vc_column-inner\"><div class=\"wpb_wrapper\">\n<!-- Roster Blocks -->\n<div  class=\"vc_custom_1683713091986\">\n\n\t<div class=\"alert alert-warning\">No Player List found with Player List ID <strong>1348<\/strong><\/div>\n<\/div>\n<!-- Roster Blocks \/ End -->\n<\/div><\/div><\/div><\/div><div class=\"vc_row wpb_row vc_row-fluid\"><div class=\"wpb_column vc_column_container vc_col-sm-12\"><div class=\"vc_column-inner\"><div class=\"wpb_wrapper\"><h2 style=\"color: #dd0000;text-align: center\" class=\"vc_custom_heading\" >National tournament<\/h2>\n\t<div class=\"wpb_text_column wpb_content_element\" >\n\t\t<div class=\"wpb_wrapper\">\n\t\t\t<div class=\"sportspress\"><div class=\"sp-template sp-template-event-list card card--has-table\">\n\t\t\t<header class=\"card__header\">\n\t\t\t<h4 class=\"sp-table-caption\">Rugby 7's national tournament - 1st round -women's team<\/h4>\n\t\t\t\t\t<\/header>\n\t\t<div class=\"card__content\">\n\t\t<div class=\"sp-table-wrapper table-responsive\">\n\t\t\t<table class=\"table table-hover team-schedule team-schedule--full sp-event-list sp-event-list-format-title sp-data-table sp-paginated-table sp-sortable-table sp-scrollable-table\" data-sp-rows=\"15\">\n\t\t\t\t<thead>\n\t\t\t\t\t<tr>\n\t\t\t\t\t\t<th class=\"data-date\">Date<\/th><th class=\"data-event\">Game<\/th><th class=\"data-time\">Time\/Results<\/th><th style=\"display:none;\" class=\"data-venue\">Court<\/th>\t\t\t\t\t<\/tr>\n\t\t\t\t<\/thead>\n\t\t\t\t<tbody>\n\t\t\t\t\t\t\t\t\t<\/tbody>\n\t\t\t<\/table>\n\t\t<\/div>\n\t\t\t<\/div>\n<\/div>\n<\/div>\n<div class=\"sportspress\"><div class=\"sp-template sp-template-event-list card card--has-table\">\n\t\t\t<header class=\"card__header\">\n\t\t\t<h4 class=\"sp-table-caption\">Rugby 7's national tournament - 2nd round -women's team<\/h4>\n\t\t\t\t\t<\/header>\n\t\t<div class=\"card__content\">\n\t\t<div class=\"sp-table-wrapper table-responsive\">\n\t\t\t<table class=\"table table-hover team-schedule team-schedule--full sp-event-list sp-event-list-format-title sp-data-table sp-paginated-table sp-sortable-table sp-scrollable-table\" data-sp-rows=\"15\">\n\t\t\t\t<thead>\n\t\t\t\t\t<tr>\n\t\t\t\t\t\t<th class=\"data-date\">Date<\/th><th class=\"data-event\">Game<\/th><th class=\"data-time\">Time\/Results<\/th><th style=\"display:none;\" class=\"data-venue\">Court<\/th>\t\t\t\t\t<\/tr>\n\t\t\t\t<\/thead>\n\t\t\t\t<tbody>\n\t\t\t\t\t\t\t\t\t<\/tbody>\n\t\t\t<\/table>\n\t\t<\/div>\n\t\t\t<\/div>\n<\/div>\n<\/div><br \/>\n<div class=\"sportspress\"><div class=\"sp-template sp-template-event-list card card--has-table\">\n\t\t\t<header class=\"card__header\">\n\t\t\t<h4 class=\"sp-table-caption\">Rugby 7's national tournament - 3rd round -women's team<\/h4>\n\t\t\t\t\t<\/header>\n\t\t<div class=\"card__content\">\n\t\t<div class=\"sp-table-wrapper table-responsive\">\n\t\t\t<table class=\"table table-hover team-schedule team-schedule--full sp-event-list sp-event-list-format-title sp-data-table sp-paginated-table sp-sortable-table sp-scrollable-table\" data-sp-rows=\"15\">\n\t\t\t\t<thead>\n\t\t\t\t\t<tr>\n\t\t\t\t\t\t<th class=\"data-date\">Date<\/th><th class=\"data-event\">Game<\/th><th class=\"data-time\">Time\/Results<\/th><th style=\"display:none;\" class=\"data-venue\">Court<\/th>\t\t\t\t\t<\/tr>\n\t\t\t\t<\/thead>\n\t\t\t\t<tbody>\n\t\t\t\t\t\t\t\t\t<\/tbody>\n\t\t\t<\/table>\n\t\t<\/div>\n\t\t\t<\/div>\n<\/div>\n<\/div>\n<div class=\"sportspress\"><div class=\"sp-template sp-template-event-list card card--has-table\">\n\t\t\t<header class=\"card__header\">\n\t\t\t<h4 class=\"sp-table-caption\">Rugby 7's national tournament - Final round-women's team<\/h4>\n\t\t\t\t\t<\/header>\n\t\t<div class=\"card__content\">\n\t\t<div class=\"sp-table-wrapper table-responsive\">\n\t\t\t<table class=\"table table-hover team-schedule team-schedule--full sp-event-list sp-event-list-format-title sp-data-table sp-paginated-table sp-sortable-table sp-scrollable-table\" data-sp-rows=\"15\">\n\t\t\t\t<thead>\n\t\t\t\t\t<tr>\n\t\t\t\t\t\t<th class=\"data-date\">Date<\/th><th class=\"data-event\">Game<\/th><th class=\"data-time\">Time\/Results<\/th><th style=\"display:none;\" class=\"data-venue\">Court<\/th>\t\t\t\t\t<\/tr>\n\t\t\t\t<\/thead>\n\t\t\t\t<tbody>\n\t\t\t\t\t\t\t\t\t<\/tbody>\n\t\t\t<\/table>\n\t\t<\/div>\n\t\t\t<\/div>\n<\/div>\n<\/div>\n\n\t\t<\/div>\n\t<\/div>\n<\/div><\/div><\/div><\/div>\n<\/section>","protected":false},"excerpt":{"rendered":"Notre \u00e9quipe No Player List found with Player List ID 1348 Tournoi national Tournoi national du rugby \u00e0 7 &#8211; 1er tour -Equipe f\u00e9minine DateGameTime\/ResultsCourt Tournoi National du rugby \u00e0 7- 2eme tour &#8211; Equipe f\u00e9minine DateGameTime\/ResultsCourt Tournoi National du rugby \u00e0 7 &#8211; 3eme tour &#8211; Equipe f\u00e9minine DateGameTime\/ResultsCourt Tournoi National du rugby \u00e0...","protected":false},"author":1,"featured_media":0,"parent":1883,"menu_order":0,"comment_status":"closed","ping_status":"closed","template":"template-full-width.php","meta":{"give_campaign_id":0,"_mi_skip_tracking":false,"_monsterinsights_sitenote_active":false,"_monsterinsights_sitenote_note":"","_monsterinsights_sitenote_category":0,"footnotes":""},"class_list":["post-1961","page","type-page","status-publish","hentry"],"acf":[],"yoast_head":"<!-- This site is optimized with the Yoast SEO plugin v27.4 - https:\/\/yoast.com\/product\/yoast-seo-wordpress\/ -->\n<title>rugby \u00e0 7 - asram<\/title>\n<meta name=\"robots\" content=\"noindex, follow, max-snippet:-1, max-image-preview:large, max-video-preview:-1\" \/>\n<meta property=\"og:locale\" content=\"en_US\" \/>\n<meta property=\"og:type\" content=\"article\" \/>\n<meta property=\"og:title\" content=\"rugby \u00e0 7 - asram\" \/>\n<meta property=\"og:url\" content=\"https:\/\/asram.ma\/en\/equipes-feminines\/rugby-a-7-2\/\" \/>\n<meta property=\"og:site_name\" content=\"asram\" \/>\n<meta property=\"article:modified_time\" content=\"2023-06-13T13:10:59+00:00\" \/>\n<meta name=\"twitter:card\" content=\"summary_large_image\" \/>\n<meta name=\"twitter:label1\" content=\"Est. reading time\" \/>\n\t<meta name=\"twitter:data1\" content=\"1 minute\" \/>\n<script type=\"application\/ld+json\" class=\"yoast-schema-graph\">{\"@context\":\"https:\\\/\\\/schema.org\",\"@graph\":[{\"@type\":\"WebPage\",\"@id\":\"https:\\\/\\\/asram.ma\\\/equipes-feminines\\\/rugby-a-7-2\\\/\",\"url\":\"https:\\\/\\\/asram.ma\\\/equipes-feminines\\\/rugby-a-7-2\\\/\",\"name\":\"rugby \u00e0 7 - asram\",\"isPartOf\":{\"@id\":\"https:\\\/\\\/asram.ma\\\/#website\"},\"datePublished\":\"2023-05-04T21:11:49+00:00\",\"dateModified\":\"2023-06-13T13:10:59+00:00\",\"breadcrumb\":{\"@id\":\"https:\\\/\\\/asram.ma\\\/equipes-feminines\\\/rugby-a-7-2\\\/#breadcrumb\"},\"inLanguage\":\"en-US\",\"potentialAction\":[{\"@type\":\"ReadAction\",\"target\":[\"https:\\\/\\\/asram.ma\\\/equipes-feminines\\\/rugby-a-7-2\\\/\"]}]},{\"@type\":\"BreadcrumbList\",\"@id\":\"https:\\\/\\\/asram.ma\\\/equipes-feminines\\\/rugby-a-7-2\\\/#breadcrumb\",\"itemListElement\":[{\"@type\":\"ListItem\",\"position\":1,\"name\":\"Home\",\"item\":\"https:\\\/\\\/asram.ma\\\/\"},{\"@type\":\"ListItem\",\"position\":2,\"name\":\"\u00c9quipes f\u00e9minines\",\"item\":\"https:\\\/\\\/asram.ma\\\/equipes-feminines\\\/\"},{\"@type\":\"ListItem\",\"position\":3,\"name\":\"rugby \u00e0 7\"}]},{\"@type\":\"WebSite\",\"@id\":\"https:\\\/\\\/asram.ma\\\/#website\",\"url\":\"https:\\\/\\\/asram.ma\\\/\",\"name\":\"asram\",\"description\":\"\",\"potentialAction\":[{\"@type\":\"SearchAction\",\"target\":{\"@type\":\"EntryPoint\",\"urlTemplate\":\"https:\\\/\\\/asram.ma\\\/?s={search_term_string}\"},\"query-input\":{\"@type\":\"PropertyValueSpecification\",\"valueRequired\":true,\"valueName\":\"search_term_string\"}}],\"inLanguage\":\"en-US\"}]}<\/script>\n<!-- \/ Yoast SEO plugin. -->","yoast_head_json":{"title":"rugby \u00e0 7 - asram","robots":{"index":"noindex","follow":"follow","max-snippet":"max-snippet:-1","max-image-preview":"max-image-preview:large","max-video-preview":"max-video-preview:-1"},"og_locale":"en_US","og_type":"article","og_title":"rugby \u00e0 7 - asram","og_url":"https:\/\/asram.ma\/en\/equipes-feminines\/rugby-a-7-2\/","og_site_name":"asram","article_modified_time":"2023-06-13T13:10:59+00:00","twitter_card":"summary_large_image","twitter_misc":{"Est. reading time":"1 minute"},"schema":{"@context":"https:\/\/schema.org","@graph":[{"@type":"WebPage","@id":"https:\/\/asram.ma\/equipes-feminines\/rugby-a-7-2\/","url":"https:\/\/asram.ma\/equipes-feminines\/rugby-a-7-2\/","name":"rugby \u00e0 7 - asram","isPartOf":{"@id":"https:\/\/asram.ma\/#website"},"datePublished":"2023-05-04T21:11:49+00:00","dateModified":"2023-06-13T13:10:59+00:00","breadcrumb":{"@id":"https:\/\/asram.ma\/equipes-feminines\/rugby-a-7-2\/#breadcrumb"},"inLanguage":"en-US","potentialAction":[{"@type":"ReadAction","target":["https:\/\/asram.ma\/equipes-feminines\/rugby-a-7-2\/"]}]},{"@type":"BreadcrumbList","@id":"https:\/\/asram.ma\/equipes-feminines\/rugby-a-7-2\/#breadcrumb","itemListElement":[{"@type":"ListItem","position":1,"name":"Home","item":"https:\/\/asram.ma\/"},{"@type":"ListItem","position":2,"name":"\u00c9quipes f\u00e9minines","item":"https:\/\/asram.ma\/equipes-feminines\/"},{"@type":"ListItem","position":3,"name":"rugby \u00e0 7"}]},{"@type":"WebSite","@id":"https:\/\/asram.ma\/#website","url":"https:\/\/asram.ma\/","name":"asram","description":"","potentialAction":[{"@type":"SearchAction","target":{"@type":"EntryPoint","urlTemplate":"https:\/\/asram.ma\/?s={search_term_string}"},"query-input":{"@type":"PropertyValueSpecification","valueRequired":true,"valueName":"search_term_string"}}],"inLanguage":"en-US"}]}},"campaignId":"","_links":{"self":[{"href":"https:\/\/asram.ma\/en\/wp-json\/wp\/v2\/pages\/1961","targetHints":{"allow":["GET"]}}],"collection":[{"href":"https:\/\/asram.ma\/en\/wp-json\/wp\/v2\/pages"}],"about":[{"href":"https:\/\/asram.ma\/en\/wp-json\/wp\/v2\/types\/page"}],"author":[{"embeddable":true,"href":"https:\/\/asram.ma\/en\/wp-json\/wp\/v2\/users\/1"}],"replies":[{"embeddable":true,"href":"https:\/\/asram.ma\/en\/wp-json\/wp\/v2\/comments?post=1961"}],"version-history":[{"count":13,"href":"https:\/\/asram.ma\/en\/wp-json\/wp\/v2\/pages\/1961\/revisions"}],"predecessor-version":[{"id":2864,"href":"https:\/\/asram.ma\/en\/wp-json\/wp\/v2\/pages\/1961\/revisions\/2864"}],"up":[{"embeddable":true,"href":"https:\/\/asram.ma\/en\/wp-json\/wp\/v2\/pages\/1883"}],"wp:attachment":[{"href":"https:\/\/asram.ma\/en\/wp-json\/wp\/v2\/media?parent=1961"}],"curies":[{"name":"wp","href":"https:\/\/api.w.org\/{rel}","templated":true}]}}